{"id":62,"date":"2024-10-14T17:13:06","date_gmt":"2024-10-14T15:13:06","guid":{"rendered":"https:\/\/zqqzjje.cluster029.hosting.ovh.net\/?page_id=62"},"modified":"2024-10-15T18:28:01","modified_gmt":"2024-10-15T16:28:01","slug":"a-propos","status":"publish","type":"page","link":"https:\/\/1001cabanes.com\/?page_id=62","title":{"rendered":"\u00c0 PROPOS"},"content":{"rendered":"\t\t<div data-elementor-type=\"wp-page\" data-elementor-id=\"62\" class=\"elementor elementor-62\">\n\t\t\t\t<div class=\"elementor-element elementor-element-9d56b41 e-flex e-con-boxed e-con e-parent\" data-id=\"9d56b41\" data-element_type=\"container\">\n\t\t\t\t\t<div class=\"e-con-inner\">\n\t\t\t\t<div class=\"elementor-element elementor-element-af7ff0c elementor-widget elementor-widget-spacer\" data-id=\"af7ff0c\" data-element_type=\"widget\" data-widget_type=\"spacer.default\">\n\t\t\t\t<div class=\"elementor-widget-container\">\n\t\t\t\t\t<div class=\"elementor-spacer\">\n\t\t\t<div class=\"elementor-spacer-inner\"><\/div>\n\t\t<\/div>\n\t\t\t\t<\/div>\n\t\t\t\t<\/div>\n\t\t\t\t<div class=\"elementor-element elementor-element-c84d303 elementor-widget-divider--view-line elementor-widget elementor-widget-divider\" data-id=\"c84d303\" data-element_type=\"widget\" data-widget_type=\"divider.default\">\n\t\t\t\t<div class=\"elementor-widget-container\">\n\t\t\t\t\t<div class=\"elementor-divider\">\n\t\t\t<span class=\"elementor-divider-separator\">\n\t\t\t\t\t\t<\/span>\n\t\t<\/div>\n\t\t\t\t<\/div>\n\t\t\t\t<\/div>\n\t\t\t\t\t<\/div>\n\t\t\t\t<\/div>\n\t\t<div class=\"elementor-element elementor-element-8be5595 e-flex e-con-boxed e-con e-parent\" data-id=\"8be5595\" data-element_type=\"container\">\n\t\t\t\t\t<div class=\"e-con-inner\">\n\t\t\t\t<div class=\"elementor-element elementor-element-bc77ce9 elementor-widget elementor-widget-spacer\" data-id=\"bc77ce9\" data-element_type=\"widget\" data-widget_type=\"spacer.default\">\n\t\t\t\t<div class=\"elementor-widget-container\">\n\t\t\t\t\t<div class=\"elementor-spacer\">\n\t\t\t<div class=\"elementor-spacer-inner\"><\/div>\n\t\t<\/div>\n\t\t\t\t<\/div>\n\t\t\t\t<\/div>\n\t\t\t\t\t<\/div>\n\t\t\t\t<\/div>\n\t\t<div class=\"elementor-element elementor-element-aa8eb79 e-grid e-con-boxed e-con e-parent\" data-id=\"aa8eb79\" data-element_type=\"container\">\n\t\t\t\t\t<div class=\"e-con-inner\">\n\t\t\t\t<div class=\"elementor-element elementor-element-41c539a elementor-widget elementor-widget-image\" data-id=\"41c539a\" data-element_type=\"widget\" data-widget_type=\"image.default\">\n\t\t\t\t<div class=\"elementor-widget-container\">\n\t\t\t\t\t\t\t\t\t\t\t\t\t<img fetchpriority=\"high\" decoding=\"async\" width=\"1024\" height=\"858\" src=\"https:\/\/1001cabanes.com\/wp-content\/uploads\/2024\/10\/Remi-NB-1024x858.jpg\" class=\"attachment-large size-large wp-image-268\" alt=\"\" srcset=\"https:\/\/1001cabanes.com\/wp-content\/uploads\/2024\/10\/Remi-NB-1024x858.jpg 1024w, https:\/\/1001cabanes.com\/wp-content\/uploads\/2024\/10\/Remi-NB-300x251.jpg 300w, https:\/\/1001cabanes.com\/wp-content\/uploads\/2024\/10\/Remi-NB-768x644.jpg 768w, https:\/\/1001cabanes.com\/wp-content\/uploads\/2024\/10\/Remi-NB-1536x1288.jpg 1536w, https:\/\/1001cabanes.com\/wp-content\/uploads\/2024\/10\/Remi-NB-2048x1717.jpg 2048w\" sizes=\"(max-width: 1024px) 100vw, 1024px\" \/>\t\t\t\t\t\t\t\t\t\t\t\t\t<\/div>\n\t\t\t\t<\/div>\n\t\t\t\t<div class=\"elementor-element elementor-element-49c362b elementor-widget elementor-widget-text-editor\" data-id=\"49c362b\" data-element_type=\"widget\" data-widget_type=\"text-editor.default\">\n\t\t\t\t<div class=\"elementor-widget-container\">\n\t\t\t\t\t\t\t<p style=\"font-weight: 400;\">C&rsquo;est aupr\u00e8s de son grand-p\u00e8re que R\u00e9mi Becherel s&rsquo;est d\u00e9couvert une passion pour le bois et la construction d\u00e8s son plus jeune \u00e2ge.<br \/><em>\u00ab\u00a0On bricolait ensemble et j&rsquo;adorais \u00e7a, c&rsquo;est avec lui que j&rsquo;ai appris \u00e0 aimer le travail du bois, et que j&rsquo;ai d\u00e9cid\u00e9 d&rsquo;en faire mon m\u00e9tier<\/em>.<em>\u00ab\u00a0<\/em><\/p><p style=\"font-weight: 400;\">Il a int\u00e9gr\u00e9 les Compagnons du Devoir \u00e0 l&rsquo;\u00e2ge de 15 ans. Apr\u00e8s deux ans d&rsquo;apprentissage \u00e0 P\u00e9rigueux, le voil\u00e0 parti pour le fameux Tour de France. Ces trois ann\u00e9es lui ont permis d&rsquo;enrichir sa technique gr\u00e2ce aux diff\u00e9rentes m\u00e9thodes de travail acquises.<br \/>\u00ab\u00a0<em>Les valeurs des Compagnons du Devoir, c&rsquo;est l&rsquo;exigence pouss\u00e9e \u00e0 son maximum pour tenter d&rsquo;atteindre l&rsquo;excellence\u00a0\u00bb<\/em><\/p><p style=\"font-weight: 400;\">De retour dans sa r\u00e9gion natale, alors \u00e2g\u00e9 de 18 ans, et suite \u00e0 une rencontre avec un h\u00f4telier souhaitant une cabane sur son domaine, R\u00e9mi Becherel a fond\u00e9 sa premi\u00e8re entreprise : c&rsquo;est la naissance de\u00a0Nid Perch\u00e9.<br \/><em>\u00ab\u00a0Une cabane doit s&rsquo;int\u00e9grer et \u00eatre en symbiose avec la nature, comme une cabane d&rsquo;enfant mais avec le confort en plus.\u00a0\u00bb<\/em><\/p><p style=\"font-weight: 400;\">Durant 20 ans, entour\u00e9 d&rsquo;une \u00e9quipe de menuisiers et de charpentiers, R\u00e9mi Becherel a construit plus de 1000 cabanes \u00e0 l&rsquo;\u00e9chelle nationale et internationale, faisant de lui le leader du march\u00e9. Cette aventure continue d\u00e9sormais sous le nouveau nom de\u00a01001 Cabanes.<\/p>\t\t\t\t\t\t<\/div>\n\t\t\t\t<\/div>\n\t\t\t\t\t<\/div>\n\t\t\t\t<\/div>\n\t\t<div class=\"elementor-element elementor-element-9f351ee e-flex e-con-boxed e-con e-parent\" data-id=\"9f351ee\" data-element_type=\"container\">\n\t\t\t\t\t<div class=\"e-con-inner\">\n\t\t\t\t<div class=\"elementor-element elementor-element-0c92da1 elementor-widget elementor-widget-heading\" data-id=\"0c92da1\" data-element_type=\"widget\" data-widget_type=\"heading.default\">\n\t\t\t\t<div class=\"elementor-widget-container\">\n\t\t\t<h2 class=\"elementor-heading-title elementor-size-default\">La construction des cabanes\u00a0<\/h2>\t\t<\/div>\n\t\t\t\t<\/div>\n\t\t\t\t<div class=\"elementor-element elementor-element-4f1bff2 elementor-widget elementor-widget-text-editor\" data-id=\"4f1bff2\" data-element_type=\"widget\" data-widget_type=\"text-editor.default\">\n\t\t\t\t<div class=\"elementor-widget-container\">\n\t\t\t\t\t\t\t<p style=\"font-weight: 400;\"><strong>Le rep\u00e9rage\u00a0<\/strong><\/p><p style=\"font-weight: 400;\"><span style=\"font-style: inherit; text-align: var(--text-align);\">Selon R\u00e9mi Becherel\u00a0<\/span><em style=\"text-align: var(--text-align);\">\u00ab\u00a0une cabane doit \u00eatre en symbiose totale avec la nature qui l&rsquo;accueille\u00a0\u00bb.<\/em><span style=\"font-style: inherit; text-align: var(--text-align);\">\u00a0Qu&rsquo;elle soit perch\u00e9e, suspendue ou flottante, il veille \u00e0 ce que la construction ne d\u00e9nature pas son environnement.\u00a0<\/span><span style=\"font-style: inherit; text-align: var(--text-align);\">En se rendant sur le terrain, il d\u00e9termine la faisabilit\u00e9 du projet et main dans la main avec les clients, en dessine les contours.<\/span><\/p><p style=\"font-weight: 400;\"><strong>La conception<\/strong><\/p><p style=\"font-weight: 400;\"><span style=\"font-style: inherit; text-align: var(--text-align);\">C&rsquo;est dans un bureau d&rsquo;\u00e9tude que les plans sont dessin\u00e9s pour construire la cabane de r\u00eave des clients. R\u00e9mi Becherel a d\u00e9j\u00e0 construit des cabanes circulaires et suspendues nomm\u00e9es les lov&rsquo;ni, des reproductions de ch\u00e2teaux existants ou encore un riad en bois&#8230;\u00a0<\/span><\/p>\t\t\t\t\t\t<\/div>\n\t\t\t\t<\/div>\n\t\t\t\t\t<\/div>\n\t\t\t\t<\/div>\n\t\t<div class=\"elementor-element elementor-element-2384168 e-grid e-con-boxed e-con e-parent\" data-id=\"2384168\" data-element_type=\"container\">\n\t\t\t\t\t<div class=\"e-con-inner\">\n\t\t\t\t<div class=\"elementor-element elementor-element-8e5f407 elementor-widget elementor-widget-image\" data-id=\"8e5f407\" data-element_type=\"widget\" data-widget_type=\"image.default\">\n\t\t\t\t<div class=\"elementor-widget-container\">\n\t\t\t\t\t\t\t\t\t\t\t\t\t<img decoding=\"async\" width=\"800\" height=\"531\" src=\"https:\/\/1001cabanes.com\/wp-content\/uploads\/2024\/10\/blog_68_nid_perche.jpg\" class=\"attachment-large size-large wp-image-236\" alt=\"\" srcset=\"https:\/\/1001cabanes.com\/wp-content\/uploads\/2024\/10\/blog_68_nid_perche.jpg 800w, https:\/\/1001cabanes.com\/wp-content\/uploads\/2024\/10\/blog_68_nid_perche-300x199.jpg 300w, https:\/\/1001cabanes.com\/wp-content\/uploads\/2024\/10\/blog_68_nid_perche-768x510.jpg 768w\" sizes=\"(max-width: 800px) 100vw, 800px\" \/>\t\t\t\t\t\t\t\t\t\t\t\t\t<\/div>\n\t\t\t\t<\/div>\n\t\t\t\t<div class=\"elementor-element elementor-element-84c29f9 elementor-widget elementor-widget-image\" data-id=\"84c29f9\" data-element_type=\"widget\" data-widget_type=\"image.default\">\n\t\t\t\t<div class=\"elementor-widget-container\">\n\t\t\t\t\t\t\t\t\t\t\t\t\t<img decoding=\"async\" width=\"1024\" height=\"682\" src=\"https:\/\/1001cabanes.com\/wp-content\/uploads\/2024\/10\/0481-Copie-1024x682.jpg\" class=\"attachment-large size-large wp-image-302\" alt=\"\" srcset=\"https:\/\/1001cabanes.com\/wp-content\/uploads\/2024\/10\/0481-Copie-1024x682.jpg 1024w, https:\/\/1001cabanes.com\/wp-content\/uploads\/2024\/10\/0481-Copie-300x200.jpg 300w, https:\/\/1001cabanes.com\/wp-content\/uploads\/2024\/10\/0481-Copie-768x512.jpg 768w, https:\/\/1001cabanes.com\/wp-content\/uploads\/2024\/10\/0481-Copie-1536x1023.jpg 1536w, https:\/\/1001cabanes.com\/wp-content\/uploads\/2024\/10\/0481-Copie-2048x1364.jpg 2048w\" sizes=\"(max-width: 1024px) 100vw, 1024px\" \/>\t\t\t\t\t\t\t\t\t\t\t\t\t<\/div>\n\t\t\t\t<\/div>\n\t\t\t\t\t<\/div>\n\t\t\t\t<\/div>\n\t\t<div class=\"elementor-element elementor-element-be55899 e-flex e-con-boxed e-con e-parent\" data-id=\"be55899\" data-element_type=\"container\">\n\t\t\t\t\t<div class=\"e-con-inner\">\n\t\t\t\t<div class=\"elementor-element elementor-element-e5ef91a elementor-widget elementor-widget-text-editor\" data-id=\"e5ef91a\" data-element_type=\"widget\" data-widget_type=\"text-editor.default\">\n\t\t\t\t<div class=\"elementor-widget-container\">\n\t\t\t\t\t\t\t<p style=\"font-weight: 400;\"><strong>La fabrication\u00a0<\/strong><\/p><p style=\"font-weight: 400;\">Dans un atelier de 2000 m2 situ\u00e9 \u00e0 Sainte-Sabine-Born sur ses terres natales, une \u00e9quipe de charpentiers et de menuisiers fabriquent les \u00e9l\u00e9ments des cabanes en moyenne\u00a04 semaines, et ce en utilisant\u00a0des bois imputrescibles naturellement provenant de for\u00eats fran\u00e7aises.<\/p>\t\t\t\t\t\t<\/div>\n\t\t\t\t<\/div>\n\t\t\t\t\t<\/div>\n\t\t\t\t<\/div>\n\t\t<div class=\"elementor-element elementor-element-8d6e871 e-flex e-con-boxed e-con e-parent\" data-id=\"8d6e871\" data-element_type=\"container\">\n\t\t\t\t\t<div class=\"e-con-inner\">\n\t\t\t\t<div class=\"elementor-element elementor-element-99e6778 elementor-widget elementor-widget-image\" data-id=\"99e6778\" data-element_type=\"widget\" data-widget_type=\"image.default\">\n\t\t\t\t<div class=\"elementor-widget-container\">\n\t\t\t\t\t\t\t\t\t\t\t\t\t<img loading=\"lazy\" decoding=\"async\" width=\"1024\" height=\"576\" src=\"https:\/\/1001cabanes.com\/wp-content\/uploads\/2024\/10\/Photo-atelier-2--1024x576.jpg\" class=\"attachment-large size-large wp-image-286\" alt=\"\" srcset=\"https:\/\/1001cabanes.com\/wp-content\/uploads\/2024\/10\/Photo-atelier-2--1024x576.jpg 1024w, https:\/\/1001cabanes.com\/wp-content\/uploads\/2024\/10\/Photo-atelier-2--300x169.jpg 300w, https:\/\/1001cabanes.com\/wp-content\/uploads\/2024\/10\/Photo-atelier-2--768x432.jpg 768w, https:\/\/1001cabanes.com\/wp-content\/uploads\/2024\/10\/Photo-atelier-2--1536x864.jpg 1536w, https:\/\/1001cabanes.com\/wp-content\/uploads\/2024\/10\/Photo-atelier-2-.jpg 2048w\" sizes=\"(max-width: 1024px) 100vw, 1024px\" \/>\t\t\t\t\t\t\t\t\t\t\t\t\t<\/div>\n\t\t\t\t<\/div>\n\t\t\t\t\t<\/div>\n\t\t\t\t<\/div>\n\t\t<div class=\"elementor-element elementor-element-85297c0 e-flex e-con-boxed e-con e-parent\" data-id=\"85297c0\" data-element_type=\"container\">\n\t\t\t\t\t<div class=\"e-con-inner\">\n\t\t\t\t<div class=\"elementor-element elementor-element-6bbe0f8 elementor-widget elementor-widget-text-editor\" data-id=\"6bbe0f8\" data-element_type=\"widget\" data-widget_type=\"text-editor.default\">\n\t\t\t\t<div class=\"elementor-widget-container\">\n\t\t\t\t\t\t\t<p style=\"font-weight: 400;\"><strong>La pose\u00a0<\/strong><\/p><p style=\"font-weight: 400;\">Cette \u00e9tape dure environ\u00a07 semaines. Une \u00e9quipe de charpentiers construisent bois par bois la b\u00e2tisse sur son emplacement d\u00e9finitif, avant de livrer la cabane sur mesure cl\u00e9 en main.\u00a0<\/p>\t\t\t\t\t\t<\/div>\n\t\t\t\t<\/div>\n\t\t\t\t\t<\/div>\n\t\t\t\t<\/div>\n\t\t<div class=\"elementor-element elementor-element-b45a182 e-flex e-con-boxed e-con e-parent\" data-id=\"b45a182\" data-element_type=\"container\">\n\t\t\t\t\t<div class=\"e-con-inner\">\n\t\t\t\t<div class=\"elementor-element elementor-element-97645d1 elementor-widget elementor-widget-image\" data-id=\"97645d1\" data-element_type=\"widget\" data-widget_type=\"image.default\">\n\t\t\t\t<div class=\"elementor-widget-container\">\n\t\t\t\t\t\t\t\t\t\t\t\t\t<img loading=\"lazy\" decoding=\"async\" width=\"1024\" height=\"768\" src=\"https:\/\/1001cabanes.com\/wp-content\/uploads\/2024\/10\/Photo-atelier-1-1024x768.jpg\" class=\"attachment-large size-large wp-image-285\" alt=\"\" srcset=\"https:\/\/1001cabanes.com\/wp-content\/uploads\/2024\/10\/Photo-atelier-1-1024x768.jpg 1024w, https:\/\/1001cabanes.com\/wp-content\/uploads\/2024\/10\/Photo-atelier-1-300x225.jpg 300w, https:\/\/1001cabanes.com\/wp-content\/uploads\/2024\/10\/Photo-atelier-1-768x576.jpg 768w, https:\/\/1001cabanes.com\/wp-content\/uploads\/2024\/10\/Photo-atelier-1-1536x1152.jpg 1536w, https:\/\/1001cabanes.com\/wp-content\/uploads\/2024\/10\/Photo-atelier-1.jpg 1600w\" sizes=\"(max-width: 1024px) 100vw, 1024px\" \/>\t\t\t\t\t\t\t\t\t\t\t\t\t<\/div>\n\t\t\t\t<\/div>\n\t\t\t\t\t<\/div>\n\t\t\t\t<\/div>\n\t\t\t\t<\/div>\n\t\t","protected":false},"excerpt":{"rendered":"<p>C&rsquo;est aupr\u00e8s de son grand-p\u00e8re que R\u00e9mi Becherel s&rsquo;est d\u00e9couvert une passion pour le bois et la construction d\u00e8s son [&hellip;]<\/p>\n","protected":false},"author":1,"featured_media":0,"parent":0,"menu_order":0,"comment_status":"closed","ping_status":"closed","template":"","meta":{"site-sidebar-layout":"default","site-content-layout":"","ast-site-content-layout":"","site-content-style":"default","site-sidebar-style":"default","ast-global-header-display":"","ast-banner-title-visibility":"","ast-main-header-display":"","ast-hfb-above-header-display":"","ast-hfb-below-header-display":"","ast-hfb-mobile-header-display":"","site-post-title":"disabled","ast-breadcrumbs-content":"","ast-featured-img":"","footer-sml-layout":"","theme-transparent-header-meta":"","adv-header-id-meta":"","stick-header-meta":"","header-above-stick-meta":"","header-main-stick-meta":"","header-below-stick-meta":"","astra-migrate-meta-layouts":"default","ast-page-background-enabled":"default","ast-page-background-meta":{"desktop":{"background-color":"var(--ast-global-color-4)","background-image":"","background-repeat":"repeat","background-position":"center center","background-size":"auto","background-attachment":"scroll","background-type":"","background-media":"","overlay-type":"","overlay-color":"","overlay-opacity":"","overlay-gradient":""},"tablet":{"background-color":"","background-image":"","background-repeat":"repeat","background-position":"center center","background-size":"auto","background-attachment":"scroll","background-type":"","background-media":"","overlay-type":"","overlay-color":"","overlay-opacity":"","overlay-gradient":""},"mobile":{"background-color":"","background-image":"","background-repeat":"repeat","background-position":"center center","background-size":"auto","background-attachment":"scroll","background-type":"","background-media":"","overlay-type":"","overlay-color":"","overlay-opacity":"","overlay-gradient":""}},"ast-content-background-meta":{"desktop":{"background-color":"var(--ast-global-color-5)","background-image":"","background-repeat":"repeat","background-position":"center center","background-size":"auto","background-attachment":"scroll","background-type":"","background-media":"","overlay-type":"","overlay-color":"","overlay-opacity":"","overlay-gradient":""},"tablet":{"background-color":"var(--ast-global-color-5)","background-image":"","background-repeat":"repeat","background-position":"center center","background-size":"auto","background-attachment":"scroll","background-type":"","background-media":"","overlay-type":"","overlay-color":"","overlay-opacity":"","overlay-gradient":""},"mobile":{"background-color":"var(--ast-global-color-5)","background-image":"","background-repeat":"repeat","background-position":"center center","background-size":"auto","background-attachment":"scroll","background-type":"","background-media":"","overlay-type":"","overlay-color":"","overlay-opacity":"","overlay-gradient":""}},"footnotes":""},"class_list":["post-62","page","type-page","status-publish","hentry"],"_links":{"self":[{"href":"https:\/\/1001cabanes.com\/index.php?rest_route=\/wp\/v2\/pages\/62","targetHints":{"allow":["GET"]}}],"collection":[{"href":"https:\/\/1001cabanes.com\/index.php?rest_route=\/wp\/v2\/pages"}],"about":[{"href":"https:\/\/1001cabanes.com\/index.php?rest_route=\/wp\/v2\/types\/page"}],"author":[{"embeddable":true,"href":"https:\/\/1001cabanes.com\/index.php?rest_route=\/wp\/v2\/users\/1"}],"replies":[{"embeddable":true,"href":"https:\/\/1001cabanes.com\/index.php?rest_route=%2Fwp%2Fv2%2Fcomments&post=62"}],"version-history":[{"count":76,"href":"https:\/\/1001cabanes.com\/index.php?rest_route=\/wp\/v2\/pages\/62\/revisions"}],"predecessor-version":[{"id":341,"href":"https:\/\/1001cabanes.com\/index.php?rest_route=\/wp\/v2\/pages\/62\/revisions\/341"}],"wp:attachment":[{"href":"https:\/\/1001cabanes.com\/index.php?rest_route=%2Fwp%2Fv2%2Fmedia&parent=62"}],"curies":[{"name":"wp","href":"https:\/\/api.w.org\/{rel}","templated":true}]}}